{"id":17,"date":"2016-12-29T12:37:32","date_gmt":"2016-12-29T11:37:32","guid":{"rendered":"http:\/\/city-schild.de\/cms\/?page_id=17"},"modified":"2016-12-29T20:41:21","modified_gmt":"2016-12-29T19:41:21","slug":"konzept","status":"publish","type":"page","link":"https:\/\/city-schild.de\/cms\/konzept\/","title":{"rendered":"Konzept"},"content":{"rendered":"<div id=\"pl-17\"  class=\"panel-layout\" ><div id=\"pg-17-0\"  class=\"panel-grid panel-no-style\" ><div id=\"pgc-17-0-0\"  class=\"panel-grid-cell\" ><div id=\"panel-17-0-0-0\" class=\"so-panel widget widget_sow-editor panel-first-child panel-last-child\" data-index=\"0\" ><div\n\t\t\t\n\t\t\tclass=\"so-widget-sow-editor so-widget-sow-editor-base\"\n\t\t\t\n\t\t>\n<div class=\"siteorigin-widget-tinymce textwidget\">\n\t<p><span class=\"hinweis\"><strong>F\u00fcr den ersten Eindruck gibt es keine zweite Chance.<\/strong><\/span><\/p>\n<p>Bereits an der Stadtgrenze sieht der Besucher farbige Gro\u00dfposter, zum einen mit den Sehensw\u00fcrdigkeiten Ihrer Stadt und zum anderen mit den Hinweisen auf z.B. das st\u00e4dtische Tourismusamt etc.<\/p>\n<p>Sie als Stadt haben die M\u00f6glichkeit, sich die Premiumstandorte an den innerst\u00e4dtischen Ein- und Ausfallstra\u00dfen auszusuchen. Dar\u00fcber hinaus bestimmen Sie auch, welchen Inhalt bzw. mit welchen Bildern Sie sich gern pr\u00e4sentieren m\u00f6chten.<\/p>\n<p>Ihre W\u00fcnsche setzen wir professionell um.<\/p>\n<p><span class=\"hinweis\"><strong>F\u00fcr Ihre Stadt bleibt das alles kostenfrei und ohne Folgekosten, was wir hiermit garantieren.<\/strong><\/span><\/p>\n<p>Finanziert werden unsere Schilder \u00fcber Sponsoren, welche f\u00fcr diese Art der Werbung in ausreichendem Ma\u00dfe zur Verf\u00fcgung stehen. Selbstverst\u00e4ndlich k\u00f6nnen aber auch Sie uns Sponsoren benennen, die es verdient haben, Ihre Stadt zu pr\u00e4sentieren.<\/p>\n<\/div>\n<\/div><\/div><\/div><div id=\"pgc-17-0-1\"  class=\"panel-grid-cell\" ><div id=\"panel-17-0-1-0\" class=\"so-panel widget widget_sow-editor panel-first-child panel-last-child\" data-index=\"1\" ><div\n\t\t\t\n\t\t\tclass=\"so-widget-sow-editor so-widget-sow-editor-base\"\n\t\t\t\n\t\t>\n<div class=\"siteorigin-widget-tinymce textwidget\">\n\t<p><img decoding=\"async\" loading=\"lazy\" class=\"alignnone size-full wp-image-54\" src=\"http:\/\/city-schild.de\/cms\/wp-content\/uploads\/2016\/12\/gera2-konzept.jpg\" alt=\"\" width=\"300\" height=\"300\" srcset=\"https:\/\/city-schild.de\/cms\/wp-content\/uploads\/2016\/12\/gera2-konzept.jpg 300w, https:\/\/city-schild.de\/cms\/wp-content\/uploads\/2016\/12\/gera2-konzept-150x150.jpg 150w\" sizes=\"(max-width: 300px) 100vw, 300px\" \/><\/p>\n<\/div>\n<\/div><\/div><\/div><\/div><\/div>","protected":false},"excerpt":{"rendered":"<p>F\u00fcr den ersten Eindruck gibt es keine zweite Chance.Bereits an der Stadtgrenze sieht der Besucher farbige Gro\u00dfposter, zum einen mit den Sehensw\u00fcrdigkeiten Ihrer Stadt und zum anderen mit den Hinweisen auf z.B. das st\u00e4dtische Tourismusamt etc.Sie als Stadt haben die M\u00f6glichkeit, sich die Premiumstandorte an den innerst\u00e4dtischen Ein- und Ausfallstra\u00dfen auszusuchen. Dar\u00fcber hinaus bestimmen Sie [&hellip;]<\/p>\n","protected":false},"author":1,"featured_media":0,"parent":0,"menu_order":0,"comment_status":"closed","ping_status":"closed","template":"","meta":[],"_links":{"self":[{"href":"https:\/\/city-schild.de\/cms\/wp-json\/wp\/v2\/pages\/17"}],"collection":[{"href":"https:\/\/city-schild.de\/cms\/wp-json\/wp\/v2\/pages"}],"about":[{"href":"https:\/\/city-schild.de\/cms\/wp-json\/wp\/v2\/types\/page"}],"author":[{"embeddable":true,"href":"https:\/\/city-schild.de\/cms\/wp-json\/wp\/v2\/users\/1"}],"replies":[{"embeddable":true,"href":"https:\/\/city-schild.de\/cms\/wp-json\/wp\/v2\/comments?post=17"}],"version-history":[{"count":5,"href":"https:\/\/city-schild.de\/cms\/wp-json\/wp\/v2\/pages\/17\/revisions"}],"predecessor-version":[{"id":55,"href":"https:\/\/city-schild.de\/cms\/wp-json\/wp\/v2\/pages\/17\/revisions\/55"}],"wp:attachment":[{"href":"https:\/\/city-schild.de\/cms\/wp-json\/wp\/v2\/media?parent=17"}],"curies":[{"name":"wp","href":"https:\/\/api.w.org\/{rel}","templated":true}]}}