{"id":177,"date":"2018-06-21T21:16:42","date_gmt":"2018-06-21T19:16:42","guid":{"rendered":"http:\/\/city-schild.de\/cms\/?page_id=177"},"modified":"2018-06-21T21:16:42","modified_gmt":"2018-06-21T19:16:42","slug":"datenschutzerklaerung","status":"publish","type":"page","link":"https:\/\/city-schild.de\/cms\/datenschutzerklaerung\/","title":{"rendered":"Datenschutzerkl\u00e4rung"},"content":{"rendered":"<p>Wir, die Firma City Schild, als ihr verl\u00e4sslicher Partner f\u00fcr Begr\u00fc\u00dfungsschilder aller Art, legen sehr gro\u00dfen Wert auf einen sicheren und verantwortungsvollen Umgang mit Ihren personenbezogenen Daten. An dieser Stelle m\u00f6chten wir Sie dar\u00fcber informieren, wie wir, die die Firma City Schild, Lockwitztalstra\u00dfe 39, 01259 Dresden, (Tel. 0351\/ 80 33 087, Email: info[at]city-schild.de, ihre Daten verarbeiten und welche Rechte Ihnen nach den datenschutzrechtlichen Regelungen zustehen.<\/p>\n<p>Im Rahmen unserer Gesch\u00e4ftsbeziehung werden, bzw. haben wir von Ihnen personenbezogene Daten erhalten und verarbeitet, welche f\u00fcr die Erbringung unserer Dienstleistungen erforderlich sind. Dies betrifft insbesondere Kontaktdaten wie Name, Anschrift, Telefonnummer, Fax, Email. Wir verarbeiten diese personenbezogenen Daten im Einklang mit den Bestimmungen der europ\u00e4ischen Datenschutz-Grundverordnung (DS-GVO) und dem Bundesdatenschutz.<\/p>\n<p>Alle relevanten Daten werden von uns solange gespeichert, erg\u00e4nzt und vervollst\u00e4ndigt, wie sie f\u00fcr den Zweck erforderlich und notwendig sind. Dies betrifft auch Aufbewahrungspflichten nach dem Geldw\u00e4schegesetz, Handels- und Steuerrecht.<\/p>\n<p>Sie haben jederzeit das Recht, Auskunft \u00fcber Ihre bei uns gespeicherten Daten zu bekommen. Sollten diese falsch oder unvollst\u00e4ndig sein, so haben Sie das Recht zur Korrektur. Soweit die Verarbeitung der personenbezogenen Daten zu einem bestimmten Zweck aufgrund Ihrer Einwilligung erfolgte, so k\u00f6nnen sie diese jederzeit widerrufen. Bis zum Zeitpunkt Ihres Widerrufes bleiben diese jedoch rechtm\u00e4\u00dfig. Sie haben das Recht, Ihre uns zur Verf\u00fcgung gestellten Daten an Dritte, ganz oder teilweise \u00fcbermitteln zu lassen.<\/p>\n<p>Wir gehen davon aus, dass wenn Sie der Weiteren Verarbeitung Ihrer personenbezogenen Daten zum Zwecke der Vermittlung nicht widersprechen, dass Sie auch weiterhin mit dieser einverstanden sind.<\/p>\n<p>Bei R\u00fcckfragen stehen wir Ihnen unter 0351\/ 80 33 087, oder unter datenschutz[at]city-schild.de zur Verf\u00fcgung.<\/p>\n<p>Ihre City Schild<\/p>\n","protected":false},"excerpt":{"rendered":"<p>Wir, die Firma City Schild, als ihr verl\u00e4sslicher Partner f\u00fcr Begr\u00fc\u00dfungsschilder aller Art, legen sehr gro\u00dfen Wert auf einen sicheren und verantwortungsvollen Umgang mit Ihren personenbezogenen Daten. An dieser Stelle m\u00f6chten wir Sie dar\u00fcber informieren, wie wir, die die Firma City Schild, Lockwitztalstra\u00dfe 39, 01259 Dresden, (Tel. 0351\/ 80 33 087, Email: info[at]city-schild.de, ihre Daten [&hellip;]<\/p>\n","protected":false},"author":1,"featured_media":0,"parent":0,"menu_order":0,"comment_status":"closed","ping_status":"closed","template":"","meta":[],"_links":{"self":[{"href":"https:\/\/city-schild.de\/cms\/wp-json\/wp\/v2\/pages\/177"}],"collection":[{"href":"https:\/\/city-schild.de\/cms\/wp-json\/wp\/v2\/pages"}],"about":[{"href":"https:\/\/city-schild.de\/cms\/wp-json\/wp\/v2\/types\/page"}],"author":[{"embeddable":true,"href":"https:\/\/city-schild.de\/cms\/wp-json\/wp\/v2\/users\/1"}],"replies":[{"embeddable":true,"href":"https:\/\/city-schild.de\/cms\/wp-json\/wp\/v2\/comments?post=177"}],"version-history":[{"count":1,"href":"https:\/\/city-schild.de\/cms\/wp-json\/wp\/v2\/pages\/177\/revisions"}],"predecessor-version":[{"id":178,"href":"https:\/\/city-schild.de\/cms\/wp-json\/wp\/v2\/pages\/177\/revisions\/178"}],"wp:attachment":[{"href":"https:\/\/city-schild.de\/cms\/wp-json\/wp\/v2\/media?parent=177"}],"curies":[{"name":"wp","href":"https:\/\/api.w.org\/{rel}","templated":true}]}}