{"id":19,"date":"2016-12-29T12:37:43","date_gmt":"2016-12-29T11:37:43","guid":{"rendered":"http:\/\/city-schild.de\/cms\/?page_id=19"},"modified":"2016-12-29T21:56:56","modified_gmt":"2016-12-29T20:56:56","slug":"realisierung","status":"publish","type":"page","link":"https:\/\/city-schild.de\/cms\/realisierung\/","title":{"rendered":"Realisierung"},"content":{"rendered":"<div id=\"pl-19\"  class=\"panel-layout\" ><div id=\"pg-19-0\"  class=\"panel-grid panel-no-style\" ><div id=\"pgc-19-0-0\"  class=\"panel-grid-cell\" ><div id=\"panel-19-0-0-0\" class=\"so-panel widget widget_sow-editor panel-first-child panel-last-child\" data-index=\"0\" ><div\n\t\t\t\n\t\t\tclass=\"so-widget-sow-editor so-widget-sow-editor-base\"\n\t\t\t\n\t\t>\n<div class=\"siteorigin-widget-tinymce textwidget\">\n\t<p>Nachdem wir anhand Ihrer Vorstellungen ein Konzept erarbeitet haben, fertigen wir sowohl die Gestelle als auch die farbigen Gro\u00dfposter an und montieren diese fachm\u00e4nnisch an den jeweiligen Standorten.<\/p>\n<p>Die Gesamtfl\u00e4che der Tafel betr\u00e4gt B 2.500 mm x H 3.750 mm.<br \/>\nDaraus ergibt sich f\u00fcr die Stadt eine zu bewerbende Fl\u00e4che von B 2.500 mm x H 2.950 mm.<\/p>\n<p>Die Fl\u00e4che f\u00fcr den Sponsor betr\u00e4gt B 2.200 mm x H 800 mm.<\/p>\n<p>Selbstverst\u00e4ndlich werden diese Schilder auch turnusm\u00e4\u00dfig von unseren Mitarbeitern gereinigt, damit sowohl das Erscheinungsbild als auch das Image Ihrer Stadt gewahrt bleibt.<\/p>\n<\/div>\n<\/div><\/div><\/div><div id=\"pgc-19-0-1\"  class=\"panel-grid-cell\" ><div id=\"panel-19-0-1-0\" class=\"so-panel widget widget_sow-editor panel-first-child panel-last-child\" data-index=\"1\" ><div\n\t\t\t\n\t\t\tclass=\"so-widget-sow-editor so-widget-sow-editor-base\"\n\t\t\t\n\t\t>\n<div class=\"siteorigin-widget-tinymce textwidget\">\n\t<p><img decoding=\"async\" loading=\"lazy\" class=\"size-full wp-image-124\" src=\"http:\/\/city-schild.de\/cms\/wp-content\/uploads\/2016\/12\/oberhof2-realisierung.jpg\" alt=\"\" width=\"300\" height=\"300\" srcset=\"https:\/\/city-schild.de\/cms\/wp-content\/uploads\/2016\/12\/oberhof2-realisierung.jpg 300w, https:\/\/city-schild.de\/cms\/wp-content\/uploads\/2016\/12\/oberhof2-realisierung-150x150.jpg 150w\" sizes=\"(max-width: 300px) 100vw, 300px\" \/><\/p>\n<\/div>\n<\/div><\/div><\/div><\/div><\/div>","protected":false},"excerpt":{"rendered":"<p>Nachdem wir anhand Ihrer Vorstellungen ein Konzept erarbeitet haben, fertigen wir sowohl die Gestelle als auch die farbigen Gro\u00dfposter an und montieren diese fachm\u00e4nnisch an den jeweiligen Standorten. Die Gesamtfl\u00e4che der Tafel betr\u00e4gt B 2.500 mm x H 3.750 mm. Daraus ergibt sich f\u00fcr die Stadt eine zu bewerbende Fl\u00e4che von B 2.500 mm x [&hellip;]<\/p>\n","protected":false},"author":1,"featured_media":0,"parent":0,"menu_order":0,"comment_status":"closed","ping_status":"closed","template":"","meta":[],"_links":{"self":[{"href":"https:\/\/city-schild.de\/cms\/wp-json\/wp\/v2\/pages\/19"}],"collection":[{"href":"https:\/\/city-schild.de\/cms\/wp-json\/wp\/v2\/pages"}],"about":[{"href":"https:\/\/city-schild.de\/cms\/wp-json\/wp\/v2\/types\/page"}],"author":[{"embeddable":true,"href":"https:\/\/city-schild.de\/cms\/wp-json\/wp\/v2\/users\/1"}],"replies":[{"embeddable":true,"href":"https:\/\/city-schild.de\/cms\/wp-json\/wp\/v2\/comments?post=19"}],"version-history":[{"count":5,"href":"https:\/\/city-schild.de\/cms\/wp-json\/wp\/v2\/pages\/19\/revisions"}],"predecessor-version":[{"id":126,"href":"https:\/\/city-schild.de\/cms\/wp-json\/wp\/v2\/pages\/19\/revisions\/126"}],"wp:attachment":[{"href":"https:\/\/city-schild.de\/cms\/wp-json\/wp\/v2\/media?parent=19"}],"curies":[{"name":"wp","href":"https:\/\/api.w.org\/{rel}","templated":true}]}}