{"id":26,"date":"2016-12-29T12:38:47","date_gmt":"2016-12-29T11:38:47","guid":{"rendered":"http:\/\/city-schild.de\/cms\/?page_id=26"},"modified":"2016-12-29T20:00:44","modified_gmt":"2016-12-29T19:00:44","slug":"impressum","status":"publish","type":"page","link":"https:\/\/city-schild.de\/cms\/impressum\/","title":{"rendered":"Impressum"},"content":{"rendered":"<div id=\"pl-26\"  class=\"panel-layout\" ><div id=\"pg-26-0\"  class=\"panel-grid panel-no-style\" ><div id=\"pgc-26-0-0\"  class=\"panel-grid-cell\" ><div id=\"panel-26-0-0-0\" class=\"so-panel widget widget_sow-editor panel-first-child panel-last-child\" data-index=\"0\" ><div\n\t\t\t\n\t\t\tclass=\"so-widget-sow-editor so-widget-sow-editor-base\"\n\t\t\t\n\t\t>\n<div class=\"siteorigin-widget-tinymce textwidget\">\n\t<p><strong>www.city-schild.de<\/strong><\/p>\n<p><strong>City Schild<\/strong><\/p>\n<p>Inhaber: Frank Preu\u00dfer<\/p>\n<p>Lockwitztalstra\u00dfe 39<br \/>01259 Dresden<br \/>Deutschland<\/p>\n<p>Telefon: +49 (0) 351 -\u00a0803 30 87<br \/>Telefax: +49 (0) 351 - 803 30 86<br \/>Email: info[at]city-schild.de<\/p>\n<p>Ust.-ID: DE 152 440 331<br \/>Inhaltlich Verantwortlicher im Sinne des \u00a76 MDStV: Frank Preu\u00dfer<\/p>\n<\/div>\n<\/div><\/div><\/div><div id=\"pgc-26-0-1\"  class=\"panel-grid-cell\" ><div id=\"panel-26-0-1-0\" class=\"so-panel widget widget_sow-editor panel-first-child panel-last-child\" data-index=\"1\" ><div\n\t\t\t\n\t\t\tclass=\"so-widget-sow-editor so-widget-sow-editor-base\"\n\t\t\t\n\t\t><h3 class=\"widget-title\">Haftungsausschluss &amp; Datenschutzerkl\u00e4rung<\/h3>\n<div class=\"siteorigin-widget-tinymce textwidget\">\n\t<h4>1. Inhalt des Onlineangebotes<\/h4>\n<p>Der Website-Betreiber \u00fcbernimmt keinerlei Gew\u00e4hr f\u00fcr die Aktualit\u00e4t, Korrektheit, Vollst\u00e4ndigkeit oder Qualit\u00e4t der bereitgestellten Informationen. Haftungsanspr\u00fcche gegen den Website-Betreiber, welche sich auf Sch\u00e4den materieller oder ideeller Art beziehen, die durch die Nutzung oder Nichtnutzung der dargebotenen Informationen bzw. durch die Nutzung fehlerhafter und unvollst\u00e4ndiger Informationen verursacht wurden, sind grunds\u00e4tzlich ausgeschlossen, sofern seitens des Website-Betreibers kein nachweislich vors\u00e4tzliches oder grob fahrl\u00e4ssiges Verschulden vorliegt. Alle Angebote sind freibleibend und unverbindlich. Der Website-Betreiber beh\u00e4lt es sich ausdr\u00fccklich vor, Teile der Seiten oder das gesamte Angebot ohne gesonderte Ank\u00fcndigung zu ver\u00e4ndern, zu erg\u00e4nzen, zu l\u00f6schen oder die Ver\u00f6ffentlichung zeitweise oder endg\u00fcltig einzustellen.<\/p>\n<h5>2. Verweise und Links<\/h5>\n<p>Bei direkten oder indirekten Verweisen auf fremde Webseiten (sog. \"Hyperlinks\"), die au\u00dferhalb des Verantwortungsbereiches des Website-Betreibers liegen, w\u00fcrde eine Haftungsverpflichtung ausschlie\u00dflich in dem Fall in Kraft treten, in dem der Website-Betreiber von den Inhalten Kenntnis hat und es ihm technisch m\u00f6glich und zumutbar w\u00e4re, die Nutzung im Falle rechtswidriger Inhalte zu verhindern. Der Website-Betreiber erkl\u00e4rt hiermit ausdr\u00fccklich, dass zum Zeitpunkt der Linksetzung keine illegalen Inhalte auf den zu verlinkenden Seiten erkennbar waren. Auf die aktuelle und zuk\u00fcnftige Gestaltung, die Inhalte oder die Urheberschaft der verlinkten\/verkn\u00fcpften Seiten hat der Website-Betreiber keinerlei Einfluss. Deshalb distanziert er sich hiermit ausdr\u00fccklich von allen Inhalten aller verlinkten\/verkn\u00fcpften Seiten, die nach der Linksetzung ver\u00e4ndert wurden. Diese Feststellung gilt f\u00fcr alle innerhalb des eigenen Internetangebotes gesetzten Links und Verweise sowie f\u00fcr Fremdeintr\u00e4ge in vom Website-Betreiber eingerichteten G\u00e4steb\u00fcchern, Diskussionsforen und Mailinglisten. F\u00fcr illegale, fehlerhafte oder unvollst\u00e4ndige Inhalte und insbesondere f\u00fcr Sch\u00e4den, die aus der Nutzung oder Nichtnutzung solcherart dargebotener Informationen entstehen, haftet allein der Anbieter der Seite, auf welche verwiesen wurde, nicht derjenige, der \u00fcber Links auf die jeweilige Ver\u00f6ffentlichung lediglich verweist.<\/p>\n<h5>3. Urheber- und Kennzeichenrecht<\/h5>\n<p>Der Website-Betreiber ist bestrebt, in allen Publikationen die Urheberrechte der verwendeten Grafiken, Tondokumente, Videosequenzen und Texte zu beachten, von ihm selbst erstellte Grafiken, Tondokumente, Videosequenzen und Texte zu nutzen oder auf lizenzfreie Grafiken, Tondokumente, Videosequenzen und Texte zur\u00fcckzugreifen. Alle innerhalb des Internetangebotes genannten und ggf. durch Dritte gesch\u00fctzten Marken- und Warenzeichen unterliegen uneingeschr\u00e4nkt den Bestimmungen des jeweils g\u00fcltigen Kennzeichenrechts und den Besitzrechten der jeweiligen eingetragenen Eigent\u00fcmer. Allein aufgrund der blo\u00dfen Nennung ist nicht der Schluss zu ziehen, dass Markenzeichen nicht durch Rechte Dritter gesch\u00fctzt sind. Das Copyright f\u00fcr ver\u00f6ffentlichte, vom Website-Betreiber selbst erstellte Objekte bleibt allein beim Website-Betreiber. Eine Vervielf\u00e4ltigung oder Verwendung solcher Grafiken, Tondokumente, Videosequenzen und Texte in anderen elektronischen oder gedruckten Publikationen ist ohne ausdr\u00fcckliche Zustimmung des Website-Betreibers nicht gestattet.<\/p>\n<h5>4. Datenschutz<\/h5>\n<p>Sofern innerhalb des Internetangebotes die M\u00f6glichkeit zur Eingabe pers\u00f6nlicher oder gesch\u00e4ftlicher Daten (Email-Adressen, Namen, Anschriften usw.) besteht, so erfolgt die Preisgabe dieser Daten seitens des Nutzers auf ausdr\u00fccklich freiwilliger Basis. Die Inanspruchnahme und Bezahlung aller angebotenen Dienste ist - soweit technisch m\u00f6glich und zumutbar - auch ohne Angabe solcher Daten bzw. unter Angabe anonymisierter Daten oder eines Pseudonyms gestattet. Die Nutzung der im Rahmen des Impressums oder vergleichbarer Angaben ver\u00f6ffentlichten Kontaktdaten wie Postanschriften, Telefon- und Faxnummern sowie Email-Adressen durch Dritte zur \u00fcbersendung von nicht ausdr\u00fccklich angeforderten Informationen ist nicht gestattet. Rechtliche Schritte gegen die Versender von sogenannten Spam-Mails bei Verst\u00f6ssen gegen dieses Verbot sind ausdr\u00fccklich vorbehalten.<\/p>\n<h5>5. Rechtswirksamkeit dieses Haftungsausschlusses<\/h5>\n<p>Dieser Haftungsausschluss ist als Teil dieses Internetangebotes zu betrachten. Sofern Teile oder einzelne Formulierungen dieses Textes der geltenden Rechtslage nicht, nicht mehr oder nicht vollst\u00e4ndig entsprechen sollten, bleiben die \u00fcbrigen Teile des Dokumentes in ihrem Inhalt und ihrer G\u00fcltigkeit davon unber\u00fchrt.<\/p>\n<\/div>\n<\/div><\/div><\/div><\/div><\/div>","protected":false},"excerpt":{"rendered":"<p>www.city-schild.deCity SchildInhaber: Frank Preu\u00dferLockwitztalstra\u00dfe 3901259 DresdenDeutschlandTelefon: +49 (0) 351 &#8211;\u00a0803 30 87Telefax: +49 (0) 351 &#8211; 803 30 86Email: info[at]city-schild.deUst.-ID: DE 152 440 331Inhaltlich Verantwortlicher im Sinne des \u00a76 MDStV: Frank Preu\u00dfer 1. Inhalt des OnlineangebotesDer Website-Betreiber \u00fcbernimmt keinerlei Gew\u00e4hr f\u00fcr die Aktualit\u00e4t, Korrektheit, Vollst\u00e4ndigkeit oder Qualit\u00e4t der bereitgestellten Informationen. Haftungsanspr\u00fcche gegen den Website-Betreiber, welche [&hellip;]<\/p>\n","protected":false},"author":1,"featured_media":0,"parent":0,"menu_order":0,"comment_status":"closed","ping_status":"closed","template":"","meta":[],"_links":{"self":[{"href":"https:\/\/city-schild.de\/cms\/wp-json\/wp\/v2\/pages\/26"}],"collection":[{"href":"https:\/\/city-schild.de\/cms\/wp-json\/wp\/v2\/pages"}],"about":[{"href":"https:\/\/city-schild.de\/cms\/wp-json\/wp\/v2\/types\/page"}],"author":[{"embeddable":true,"href":"https:\/\/city-schild.de\/cms\/wp-json\/wp\/v2\/users\/1"}],"replies":[{"embeddable":true,"href":"https:\/\/city-schild.de\/cms\/wp-json\/wp\/v2\/comments?post=26"}],"version-history":[{"count":3,"href":"https:\/\/city-schild.de\/cms\/wp-json\/wp\/v2\/pages\/26\/revisions"}],"predecessor-version":[{"id":46,"href":"https:\/\/city-schild.de\/cms\/wp-json\/wp\/v2\/pages\/26\/revisions\/46"}],"wp:attachment":[{"href":"https:\/\/city-schild.de\/cms\/wp-json\/wp\/v2\/media?parent=26"}],"curies":[{"name":"wp","href":"https:\/\/api.w.org\/{rel}","templated":true}]}}