{"id":39,"date":"2016-12-29T19:52:40","date_gmt":"2016-12-29T18:52:40","guid":{"rendered":"http:\/\/city-schild.de\/cms\/?page_id=39"},"modified":"2017-01-06T23:48:14","modified_gmt":"2017-01-06T22:48:14","slug":"startseite","status":"publish","type":"page","link":"https:\/\/city-schild.de\/cms\/","title":{"rendered":"Startseite"},"content":{"rendered":"<div id=\"pl-39\"  class=\"panel-layout\" ><div id=\"pg-39-0\"  class=\"panel-grid panel-no-style\" ><div id=\"pgc-39-0-0\"  class=\"panel-grid-cell\" ><div id=\"panel-39-0-0-0\" class=\"so-panel widget widget_sow-editor panel-first-child panel-last-child\" data-index=\"0\" ><div\n\t\t\t\n\t\t\tclass=\"so-widget-sow-editor so-widget-sow-editor-base\"\n\t\t\t\n\t\t>\n<div class=\"siteorigin-widget-tinymce textwidget\">\n\t<h1>Herzlich Willkommen!<\/h1>\n<h4>Es begr\u00fc\u00dft Sie Ihre freundliche Stadt.<\/h4>\n<\/div>\n<\/div><\/div><\/div><\/div><div id=\"pg-39-1\"  class=\"panel-grid panel-no-style\" ><div id=\"pgc-39-1-0\"  class=\"panel-grid-cell\" ><div id=\"panel-39-1-0-0\" class=\"so-panel widget widget_sow-editor panel-first-child panel-last-child\" data-index=\"1\" ><div\n\t\t\t\n\t\t\tclass=\"so-widget-sow-editor so-widget-sow-editor-base\"\n\t\t\t\n\t\t>\n<div class=\"siteorigin-widget-tinymce textwidget\">\n\t<p><a href=\"http:\/\/city-schild.de\/cms\/wp-content\/uploads\/2016\/12\/euipo_logo_001-1.jpg\"><img decoding=\"async\" loading=\"lazy\" class=\"alignnone size-thumbnail wp-image-166\" src=\"http:\/\/city-schild.de\/cms\/wp-content\/uploads\/2016\/12\/euipo_logo_001-1-150x150.jpg\" alt=\"\" width=\"150\" height=\"150\" srcset=\"https:\/\/city-schild.de\/cms\/wp-content\/uploads\/2016\/12\/euipo_logo_001-1-150x150.jpg 150w, https:\/\/city-schild.de\/cms\/wp-content\/uploads\/2016\/12\/euipo_logo_001-1-300x300.jpg 300w, https:\/\/city-schild.de\/cms\/wp-content\/uploads\/2016\/12\/euipo_logo_001-1-768x767.jpg 768w, https:\/\/city-schild.de\/cms\/wp-content\/uploads\/2016\/12\/euipo_logo_001-1-1024x1024.jpg 1024w\" sizes=\"(max-width: 150px) 100vw, 150px\" \/><\/a><\/p>\n<p>Die Tourismusboards sind in den L\u00e4ndern der Europ\u00e4ischen Union gesetzlich gesch\u00fctzt.<\/p>\n<p>All rights reserved. Europ\u00e4isches Harmonisierungs-und Markenamt f\u00fcr den Binnenmarkt. Alicante\/Spain<\/p>\n<\/div>\n<\/div><\/div><\/div><div id=\"pgc-39-1-1\"  class=\"panel-grid-cell\" ><div id=\"panel-39-1-1-0\" class=\"so-panel widget widget_sow-editor panel-first-child panel-last-child\" data-index=\"2\" ><div\n\t\t\t\n\t\t\tclass=\"so-widget-sow-editor so-widget-sow-editor-base\"\n\t\t\t\n\t\t>\n<div class=\"siteorigin-widget-tinymce textwidget\">\n\t<p><a href=\"http:\/\/city-schild.de\/cms\/wp-content\/uploads\/2016\/12\/Weimar-Schild.jpg\"><img decoding=\"async\" loading=\"lazy\" class=\"size-full wp-image-163\" src=\"http:\/\/city-schild.de\/cms\/wp-content\/uploads\/2016\/12\/Weimar-Schild.jpg\" alt=\"\" width=\"300\" height=\"300\" srcset=\"https:\/\/city-schild.de\/cms\/wp-content\/uploads\/2016\/12\/Weimar-Schild.jpg 300w, https:\/\/city-schild.de\/cms\/wp-content\/uploads\/2016\/12\/Weimar-Schild-150x150.jpg 150w\" sizes=\"(max-width: 300px) 100vw, 300px\" \/><\/a><\/p>\n<\/div>\n<\/div><\/div><\/div><div id=\"pgc-39-1-2\"  class=\"panel-grid-cell\" ><div id=\"panel-39-1-2-0\" class=\"so-panel widget widget_sow-editor panel-first-child panel-last-child\" data-index=\"3\" ><div\n\t\t\t\n\t\t\tclass=\"so-widget-sow-editor so-widget-sow-editor-base\"\n\t\t\t\n\t\t>\n<div class=\"siteorigin-widget-tinymce textwidget\">\n\t<p><a href=\"http:\/\/city-schild.de\/cms\/wp-content\/uploads\/2016\/12\/Grafik-Startbildschirm.jpg\"><img decoding=\"async\" loading=\"lazy\" class=\"alignnone size-full wp-image-161\" src=\"http:\/\/city-schild.de\/cms\/wp-content\/uploads\/2016\/12\/Grafik-Startbildschirm.jpg\" alt=\"\" width=\"300\" height=\"300\" srcset=\"https:\/\/city-schild.de\/cms\/wp-content\/uploads\/2016\/12\/Grafik-Startbildschirm.jpg 300w, https:\/\/city-schild.de\/cms\/wp-content\/uploads\/2016\/12\/Grafik-Startbildschirm-150x150.jpg 150w\" sizes=\"(max-width: 300px) 100vw, 300px\" \/><\/a><\/p>\n<\/div>\n<\/div><\/div><\/div><\/div><div id=\"pg-39-2\"  class=\"panel-grid panel-no-style\" ><div id=\"pgc-39-2-0\"  class=\"panel-grid-cell\" ><div id=\"panel-39-2-0-0\" class=\"so-panel widget widget_sow-editor panel-first-child panel-last-child\" data-index=\"4\" ><div\n\t\t\t\n\t\t\tclass=\"so-widget-sow-editor so-widget-sow-editor-base\"\n\t\t\t\n\t\t>\n<div class=\"siteorigin-widget-tinymce textwidget\">\n\t<p><a href=\"http:\/\/city-schild.de\/cms\/wp-content\/uploads\/2017\/01\/home2.jpg\"><img decoding=\"async\" loading=\"lazy\" class=\"alignnone size-full wp-image-168\" src=\"http:\/\/city-schild.de\/cms\/wp-content\/uploads\/2017\/01\/home2.jpg\" alt=\"\" width=\"170\" height=\"250\" \/><\/a><\/p>\n<\/div>\n<\/div><\/div><\/div><div id=\"pgc-39-2-1\"  class=\"panel-grid-cell\" ><div id=\"panel-39-2-1-0\" class=\"so-panel widget widget_sow-editor panel-first-child panel-last-child\" data-index=\"5\" ><div\n\t\t\t\n\t\t\tclass=\"so-widget-sow-editor so-widget-sow-editor-base\"\n\t\t\t\n\t\t>\n<div class=\"siteorigin-widget-tinymce textwidget\">\n\t<p><strong>F\u00fcr den ersten Eindruck gibt es keine zweite Chance.<\/strong><\/p>\n<p>Wenn auch Sie Ihre G\u00e4ste und Einwohner freundlich und mit offenen Armen empfangen wollen, so ist dies f\u00fcr Ihre Stadt ein kostenfreier und einfacher Weg, es einfach zu tun.<\/p>\n<p>Exklusiv vertreiben wir im gesamten Bundesgebiet die sogenannten Begr\u00fc\u00dfungs- und Verabschiedungsschilder (Tourismusboards), welche in ihrer Art und Form beim Europ\u00e4ischen Harmonisierungsamt patentrechtlich gesch\u00fctzt sind.<\/p>\n<p>Eine gro\u00dfe und attraktive Werbefl\u00e4che f\u00fcr Ihre Stadt zum Nulltarif. Sie ist nicht nur ein Blickfang, sondern auch das Aush\u00e4ngeschild Ihrer Stadt.<\/p>\n<p>\u00a0<\/p>\n<p>Gehen Sie mit uns diesen Weg, wir werden unser Versprechen halten.<\/p>\n<\/div>\n<\/div><\/div><\/div><\/div><div id=\"pg-39-3\"  class=\"panel-grid panel-has-style\" ><div class=\"siteorigin-panels-stretch panel-row-style-full-width panel-row-style panel-row-style-for-39-3\" style=\"background-color: #259447; \" data-stretch-type=\"full\" ><div id=\"pgc-39-3-0\"  class=\"panel-grid-cell\" ><div id=\"panel-39-3-0-0\" class=\"so-panel widget widget_headline-widget panel-first-child panel-last-child\" data-index=\"6\" >\t\t<h1>Nehmen Sie mit uns Kontakt auf.<\/h1>\n\t\t<div class=\"decoration\"><div class=\"decoration-inside\"><\/div><\/div>\n\t\t<h3>Unsere freundlichen Mitarbeiter stehen Ihnen gern f\u00fcr ein ausf\u00fchrliches Gespr\u00e4ch zu Verf\u00fcgung.<\/h3>\n\t\t<\/div><\/div><\/div><\/div><div id=\"pg-39-4\"  class=\"panel-grid panel-no-style\" ><div id=\"pgc-39-4-0\"  class=\"panel-grid-cell panel-grid-cell-empty\" ><\/div><div id=\"pgc-39-4-1\"  class=\"panel-grid-cell\" ><div id=\"panel-39-4-1-0\" class=\"so-panel widget widget_text panel-first-child panel-last-child\" data-index=\"7\" >\t\t\t<div class=\"textwidget\"><div role=\"form\" class=\"wpcf7\" id=\"wpcf7-f29-o1\" lang=\"de-DE\" dir=\"ltr\">\n<div class=\"screen-reader-response\"><p role=\"status\" aria-live=\"polite\" aria-atomic=\"true\"><\/p> <ul><\/ul><\/div>\n<form action=\"\/cms\/wp-json\/wp\/v2\/pages\/39#wpcf7-f29-o1\" method=\"post\" class=\"wpcf7-form init\" novalidate=\"novalidate\" data-status=\"init\">\n<div style=\"display: none;\">\n<input type=\"hidden\" name=\"_wpcf7\" value=\"29\" \/>\n<input type=\"hidden\" name=\"_wpcf7_version\" value=\"5.6.4\" \/>\n<input type=\"hidden\" name=\"_wpcf7_locale\" value=\"de_DE\" \/>\n<input type=\"hidden\" name=\"_wpcf7_unit_tag\" value=\"wpcf7-f29-o1\" \/>\n<input type=\"hidden\" name=\"_wpcf7_container_post\" value=\"0\" \/>\n<input type=\"hidden\" name=\"_wpcf7_posted_data_hash\" value=\"\" \/>\n<\/div>\n<p><label> Ihr Name (Pflichtfeld)<br \/>\n    <span class=\"wpcf7-form-control-wrap\" data-name=\"your-name\"><input type=\"text\" name=\"your-name\" value=\"\" size=\"40\" class=\"wpcf7-form-control wpcf7-text wpcf7-validates-as-required\" aria-required=\"true\" aria-invalid=\"false\" \/><\/span> <\/label><\/p>\n<p><label> Ihre E-Mail-Adresse (Pflichtfeld)<br \/>\n    <span class=\"wpcf7-form-control-wrap\" data-name=\"your-email\"><input type=\"email\" name=\"your-email\" value=\"\" size=\"40\" class=\"wpcf7-form-control wpcf7-text wpcf7-email wpcf7-validates-as-required wpcf7-validates-as-email\" aria-required=\"true\" aria-invalid=\"false\" \/><\/span> <\/label><\/p>\n<p><label> Betreff<br \/>\n    <span class=\"wpcf7-form-control-wrap\" data-name=\"your-subject\"><input type=\"text\" name=\"your-subject\" value=\"\" size=\"40\" class=\"wpcf7-form-control wpcf7-text\" aria-invalid=\"false\" \/><\/span> <\/label><\/p>\n<p><label> Ihre Nachricht<br \/>\n    <span class=\"wpcf7-form-control-wrap\" data-name=\"your-message\"><textarea name=\"your-message\" cols=\"40\" rows=\"10\" class=\"wpcf7-form-control wpcf7-textarea\" aria-invalid=\"false\"><\/textarea><\/span> <\/label><\/p>\n<p><input type=\"submit\" value=\"Senden\" class=\"wpcf7-form-control has-spinner wpcf7-submit\" \/><\/p>\n<div class=\"wpcf7-response-output\" aria-hidden=\"true\"><\/div><\/form><\/div><\/div>\n\t\t<\/div><\/div><div id=\"pgc-39-4-2\"  class=\"panel-grid-cell\" ><div id=\"panel-39-4-2-0\" class=\"so-panel widget panel-first-child panel-last-child\" data-index=\"8\" ><\/div><\/div><\/div><\/div>","protected":false},"excerpt":{"rendered":"<p>Herzlich Willkommen!Es begr\u00fc\u00dft Sie Ihre freundliche Stadt. Die Tourismusboards sind in den L\u00e4ndern der Europ\u00e4ischen Union gesetzlich gesch\u00fctzt.All rights reserved. Europ\u00e4isches Harmonisierungs-und Markenamt f\u00fcr den Binnenmarkt. Alicante\/Spain<\/p>\n","protected":false},"author":1,"featured_media":0,"parent":0,"menu_order":0,"comment_status":"closed","ping_status":"closed","template":"","meta":[],"_links":{"self":[{"href":"https:\/\/city-schild.de\/cms\/wp-json\/wp\/v2\/pages\/39"}],"collection":[{"href":"https:\/\/city-schild.de\/cms\/wp-json\/wp\/v2\/pages"}],"about":[{"href":"https:\/\/city-schild.de\/cms\/wp-json\/wp\/v2\/types\/page"}],"author":[{"embeddable":true,"href":"https:\/\/city-schild.de\/cms\/wp-json\/wp\/v2\/users\/1"}],"replies":[{"embeddable":true,"href":"https:\/\/city-schild.de\/cms\/wp-json\/wp\/v2\/comments?post=39"}],"version-history":[{"count":11,"href":"https:\/\/city-schild.de\/cms\/wp-json\/wp\/v2\/pages\/39\/revisions"}],"predecessor-version":[{"id":169,"href":"https:\/\/city-schild.de\/cms\/wp-json\/wp\/v2\/pages\/39\/revisions\/169"}],"wp:attachment":[{"href":"https:\/\/city-schild.de\/cms\/wp-json\/wp\/v2\/media?parent=39"}],"curies":[{"name":"wp","href":"https:\/\/api.w.org\/{rel}","templated":true}]}}